{"id":7240,"date":"2024-08-01T12:17:23","date_gmt":"2024-08-01T04:17:23","guid":{"rendered":"https:\/\/ijaps.usm.my\/?page_id=7240"},"modified":"2024-08-01T12:18:29","modified_gmt":"2024-08-01T04:18:29","slug":"vol-20-no-2-2024","status":"publish","type":"page","link":"https:\/\/ijaps.usm.my\/?page_id=7240","title":{"rendered":"Vol. 20, No. 2 (2024)"},"content":{"rendered":"\n<ul>\n<li><a href=\"https:\/\/ijaps.usm.my\/?page_id=7242\">A Content Analysis of Low Yat Online Discussion Forums on Malaysian Vernacular Schools<\/a>, by Daron Benjamin Loo<\/li>\n\n\n\n<li><a href=\"https:\/\/ijaps.usm.my\/?page_id=7245\">Interethnic Collaboration: A Case Study of Nias and Minangkabau Ethnic Groups in West Sumatera, Indonesia<\/a>, by Susi Fitria Dewi, Rika Febriani, Alia Azmi and Febri Yulika<\/li>\n\n\n\n<li><a href=\"https:\/\/ijaps.usm.my\/?page_id=7248\">Place and Identity: Representations of North and South Vietnam in Mai Th\u1ea3o\u2019s Writings Between 1954 and 1975<\/a>, by Nguy\u1ec5n \u0110\u00ecnh Minh Khu\u00ea<\/li>\n\n\n\n<li><a href=\"https:\/\/ijaps.usm.my\/?page_id=7256\">Penang, the Hajj, and the Role of Hajj Syeikhs, 1786\u20131977<\/a>, by Mahani Musa and Aiza Maslan @ Baharudin<\/li>\n\n\n\n<li><a href=\"https:\/\/ijaps.usm.my\/?page_id=7258\">The Types of Authority in the Management of the K\u2019ho and Mn\u00f4ng Communities in the South-Central Highlands of Vietnam<\/a>, by Hu\u1ef3nh Ng\u1ecdc Thu and L\u00ea Th\u1ecb M\u1ef9 H\u00e0<\/li>\n\n\n\n<li><a href=\"https:\/\/ijaps.usm.my\/?page_id=7261\">Socially Mediated Populist Communication in Indonesia\u2019s 2018 Gubernatorial Elections<\/a>, by Nyarwi Ahmad<\/li>\n\n\n\n<li><a href=\"https:\/\/ijaps.usm.my\/?page_id=7264\">Pakistan\u2019s Role as a Lynchpin in the \u201cArc of Autocracy\u201d and Its Implications for India<\/a>, by Nishtha Kaushiki, Jagmeet Bawa, Vikash Roushan, Hansraj and Gurphej Singh<\/li>\n\n\n\n<li><a href=\"https:\/\/ijaps.usm.my\/?page_id=7267\">Book Review: <em>Cambodia\u2019s China Strategy: Security Dilemmas of Embracing the Dragon<\/em><\/a>, by Zaharul Abdullah<\/li>\n\n\n\n<li><a href=\"https:\/\/ijaps.usm.my\/?page_id=7270\">Book Review: <em>COVID-19 in Indonesia: Impacts on the Economy and Ways to Recovery<\/em><\/a>, by Betti Rosita Sari<\/li>\n<\/ul>\n","protected":false},"excerpt":{"rendered":"","protected":false},"author":101011,"featured_media":0,"parent":4753,"menu_order":0,"comment_status":"closed","ping_status":"closed","template":"","meta":{"jetpack_post_was_ever_published":false,"footnotes":""},"yoast_head":"<!-- This site is optimized with the Yoast SEO plugin v23.3 - https:\/\/yoast.com\/wordpress\/plugins\/seo\/ -->\n<title>Vol. 20, No. 2 (2024) | IJAPS<\/title>\n<meta name=\"robots\" content=\"index, follow, max-snippet:-1, max-image-preview:large, max-video-preview:-1\" \/>\n<link rel=\"canonical\" href=\"https:\/\/ijaps.usm.my\/?page_id=7240\" \/>\n<meta name=\"twitter:label1\" content=\"Est. reading time\" \/>\n\t<meta name=\"twitter:data1\" content=\"1 minute\" \/>\n<script type=\"application\/ld+json\" class=\"yoast-schema-graph\">{\"@context\":\"https:\/\/schema.org\",\"@graph\":[{\"@type\":\"WebPage\",\"@id\":\"https:\/\/ijaps.usm.my\/?page_id=7240\",\"url\":\"https:\/\/ijaps.usm.my\/?page_id=7240\",\"name\":\"Vol. 20, No. 2 (2024) | IJAPS\",\"isPartOf\":{\"@id\":\"https:\/\/ijaps.usm.my\/#website\"},\"datePublished\":\"2024-08-01T04:17:23+00:00\",\"dateModified\":\"2024-08-01T04:18:29+00:00\",\"breadcrumb\":{\"@id\":\"https:\/\/ijaps.usm.my\/?page_id=7240#breadcrumb\"},\"inLanguage\":\"en-US\",\"potentialAction\":[{\"@type\":\"ReadAction\",\"target\":[\"https:\/\/ijaps.usm.my\/?page_id=7240\"]}]},{\"@type\":\"BreadcrumbList\",\"@id\":\"https:\/\/ijaps.usm.my\/?page_id=7240#breadcrumb\",\"itemListElement\":[{\"@type\":\"ListItem\",\"position\":1,\"name\":\"Home\",\"item\":\"https:\/\/ijaps.usm.my\/\"},{\"@type\":\"ListItem\",\"position\":2,\"name\":\"Publications\",\"item\":\"https:\/\/ijaps.usm.my\/?page_id=4753\"},{\"@type\":\"ListItem\",\"position\":3,\"name\":\"Vol. 20, No. 2 (2024)\"}]},{\"@type\":\"WebSite\",\"@id\":\"https:\/\/ijaps.usm.my\/#website\",\"url\":\"https:\/\/ijaps.usm.my\/\",\"name\":\"\",\"description\":\"\",\"potentialAction\":[{\"@type\":\"SearchAction\",\"target\":{\"@type\":\"EntryPoint\",\"urlTemplate\":\"https:\/\/ijaps.usm.my\/?s={search_term_string}\"},\"query-input\":\"required name=search_term_string\"}],\"inLanguage\":\"en-US\"}]}<\/script>\n<!-- \/ Yoast SEO plugin. -->","yoast_head_json":{"title":"Vol. 20, No. 2 (2024) | IJAPS","robots":{"index":"index","follow":"follow","max-snippet":"max-snippet:-1","max-image-preview":"max-image-preview:large","max-video-preview":"max-video-preview:-1"},"canonical":"https:\/\/ijaps.usm.my\/?page_id=7240","twitter_misc":{"Est. reading time":"1 minute"},"schema":{"@context":"https:\/\/schema.org","@graph":[{"@type":"WebPage","@id":"https:\/\/ijaps.usm.my\/?page_id=7240","url":"https:\/\/ijaps.usm.my\/?page_id=7240","name":"Vol. 20, No. 2 (2024) | IJAPS","isPartOf":{"@id":"https:\/\/ijaps.usm.my\/#website"},"datePublished":"2024-08-01T04:17:23+00:00","dateModified":"2024-08-01T04:18:29+00:00","breadcrumb":{"@id":"https:\/\/ijaps.usm.my\/?page_id=7240#breadcrumb"},"inLanguage":"en-US","potentialAction":[{"@type":"ReadAction","target":["https:\/\/ijaps.usm.my\/?page_id=7240"]}]},{"@type":"BreadcrumbList","@id":"https:\/\/ijaps.usm.my\/?page_id=7240#breadcrumb","itemListElement":[{"@type":"ListItem","position":1,"name":"Home","item":"https:\/\/ijaps.usm.my\/"},{"@type":"ListItem","position":2,"name":"Publications","item":"https:\/\/ijaps.usm.my\/?page_id=4753"},{"@type":"ListItem","position":3,"name":"Vol. 20, No. 2 (2024)"}]},{"@type":"WebSite","@id":"https:\/\/ijaps.usm.my\/#website","url":"https:\/\/ijaps.usm.my\/","name":"","description":"","potentialAction":[{"@type":"SearchAction","target":{"@type":"EntryPoint","urlTemplate":"https:\/\/ijaps.usm.my\/?s={search_term_string}"},"query-input":"required name=search_term_string"}],"inLanguage":"en-US"}]}},"jetpack_sharing_enabled":true,"jetpack_shortlink":"https:\/\/wp.me\/P2vBDF-1SM","_links":{"self":[{"href":"https:\/\/ijaps.usm.my\/index.php?rest_route=\/wp\/v2\/pages\/7240"}],"collection":[{"href":"https:\/\/ijaps.usm.my\/index.php?rest_route=\/wp\/v2\/pages"}],"about":[{"href":"https:\/\/ijaps.usm.my\/index.php?rest_route=\/wp\/v2\/types\/page"}],"author":[{"embeddable":true,"href":"https:\/\/ijaps.usm.my\/index.php?rest_route=\/wp\/v2\/users\/101011"}],"replies":[{"embeddable":true,"href":"https:\/\/ijaps.usm.my\/index.php?rest_route=%2Fwp%2Fv2%2Fcomments&post=7240"}],"version-history":[{"count":3,"href":"https:\/\/ijaps.usm.my\/index.php?rest_route=\/wp\/v2\/pages\/7240\/revisions"}],"predecessor-version":[{"id":7273,"href":"https:\/\/ijaps.usm.my\/index.php?rest_route=\/wp\/v2\/pages\/7240\/revisions\/7273"}],"up":[{"embeddable":true,"href":"https:\/\/ijaps.usm.my\/index.php?rest_route=\/wp\/v2\/pages\/4753"}],"wp:attachment":[{"href":"https:\/\/ijaps.usm.my\/index.php?rest_route=%2Fwp%2Fv2%2Fmedia&parent=7240"}],"curies":[{"name":"wp","href":"https:\/\/api.w.org\/{rel}","templated":true}]}}